{"id":12,"date":"2020-11-27T11:21:31","date_gmt":"2020-11-27T11:21:31","guid":{"rendered":"https:\/\/ferndriger-eng.ch\/?page_id=12"},"modified":"2021-01-05T16:11:36","modified_gmt":"2021-01-05T16:11:36","slug":"thema-nr-2","status":"publish","type":"page","link":"https:\/\/ferndriger-eng.ch\/?page_id=12","title":{"rendered":"Erfahrungen"},"content":{"rendered":"\t\t<div data-elementor-type=\"wp-page\" data-elementor-id=\"12\" class=\"elementor elementor-12\">\n\t\t\t\t\t\t<section class=\"elementor-section elementor-top-section elementor-element elementor-element-a5cc86b elementor-section-boxed elementor-section-height-default elementor-section-height-default\" data-id=\"a5cc86b\" data-element_type=\"section\" data-e-type=\"section\">\n\t\t\t\t\t\t<div class=\"elementor-container elementor-column-gap-default\">\n\t\t\t\t\t<div class=\"elementor-column elementor-col-100 elementor-top-column elementor-element elementor-element-99de2a0\" data-id=\"99de2a0\" data-element_type=\"column\" data-e-type=\"column\">\n\t\t\t<div class=\"elementor-widget-wrap elementor-element-populated\">\n\t\t\t\t\t\t<div class=\"elementor-element elementor-element-71fcee9 elementor-widget elementor-widget-text-editor\" data-id=\"71fcee9\" data-element_type=\"widget\" data-e-type=\"widget\" data-widget_type=\"text-editor.default\">\n\t\t\t\t<div class=\"elementor-widget-container\">\n\t\t\t\t\t\t\t\t\t<p><strong>Konstruktion und Entwicklung<\/strong><\/p><ul><li>Konstruktion Werkzeuge und Anlagen im Bereich der Stanz- und Umformtechnik<\/li><li>Konstruktion von kundenspezifischen Geh\u00e4usel\u00f6sungen<\/li><li>Entwicklung von Blechteilen und Baugruppen im Bereich Lenks\u00e4ulen \/ Automotiv<\/li><li>Entwicklung von Ger\u00e4ten in der L\u00fcftungstechnik<\/li><li>Entwicklung einer Schalld\u00e4mml\u00f6sung im Zusammenhang mit dem Bonotec Geh\u00e4usesystem Modlair<\/li><\/ul>\t\t\t\t\t\t\t\t<\/div>\n\t\t\t\t<\/div>\n\t\t\t\t<div class=\"elementor-element elementor-element-16d7941 elementor-widget elementor-widget-text-editor\" data-id=\"16d7941\" data-element_type=\"widget\" data-e-type=\"widget\" data-widget_type=\"text-editor.default\">\n\t\t\t\t<div class=\"elementor-widget-container\">\n\t\t\t\t\t\t\t\t\t<p>Projektleitung und Projektabwicklung<\/p><ul><li>Teamf\u00fchrung \/ Ergebnisverantwortung<\/li><li>Kundenkontakt (International)<\/li><li>Abwicklung Projekte von Akquisition bis Abnahme in den Marktbereichen Automotive, Maschinen- und Anlagenbau und L\u00fcftungstechnik<\/li><\/ul>\t\t\t\t\t\t\t\t<\/div>\n\t\t\t\t<\/div>\n\t\t\t\t<div class=\"elementor-element elementor-element-4e29313 elementor-widget elementor-widget-text-editor\" data-id=\"4e29313\" data-element_type=\"widget\" data-e-type=\"widget\" data-widget_type=\"text-editor.default\">\n\t\t\t\t<div class=\"elementor-widget-container\">\n\t\t\t\t\t\t\t\t\t<p>ERP \/ C-Technologien \/ Q-Systeme<\/p><ul><li>Massgebliche Mitarbeit bei bei 3 ERP-Einf\u00fchrungen und Gestaltung (Styner+Bienz \/ Bonotec)<\/li><li>Evaluation, Einf\u00fchrung, Schulung und Betreuung von CAD-Systemen (2D\/3D Systemen)<\/li><li>Mitarbeit und Teilverantwortung bei der Einf\u00fchrung und Betreuung von Q-Systemen: ISO9001 \/ ISO9000 \/ TS16949<\/li><\/ul>\t\t\t\t\t\t\t\t<\/div>\n\t\t\t\t<\/div>\n\t\t\t\t<div class=\"elementor-element elementor-element-58d6f3e elementor-widget elementor-widget-text-editor\" data-id=\"58d6f3e\" data-element_type=\"widget\" data-e-type=\"widget\" data-widget_type=\"text-editor.default\">\n\t\t\t\t<div class=\"elementor-widget-container\">\n\t\t\t\t\t\t\t\t\t<p><strong>Management und F\u00fchrung<\/strong><\/p><ul><li>Aufbau von Organisationseinheiten<\/li><li>F\u00fchrung von interdisziplin\u00e4ren Projektteams<\/li><li>Leitung von Fachbereichen<\/li><li>Mitglied der Gesch\u00e4ftsleitung \/ Profitcenter Leitung<\/li><li>Gesch\u00e4ftsf\u00fchrer \/ CEO<\/li><\/ul>\t\t\t\t\t\t\t\t<\/div>\n\t\t\t\t<\/div>\n\t\t\t\t\t<\/div>\n\t\t<\/div>\n\t\t\t\t\t<\/div>\n\t\t<\/section>\n\t\t\t\t<\/div>\n\t\t","protected":false},"excerpt":{"rendered":"<p>Konstruktion und Entwicklung Konstruktion Werkzeuge und Anlagen im Bereich der Stanz- und Umformtechnik Konstruktion von kundenspezifischen Geh\u00e4usel\u00f6sungen Entwicklung von Blechteilen und Baugruppen im Bereich Lenks\u00e4ulen \/ Automotiv Entwicklung von Ger\u00e4ten in der L\u00fcftungstechnik Entwicklung einer Schalld\u00e4mml\u00f6sung im Zusammenhang mit dem Bonotec Geh\u00e4usesystem Modlair Projektleitung und Projektabwicklung Teamf\u00fchrung \/ Ergebnisverantwortung Kundenkontakt (International) Abwicklung Projekte von Akquisition [&hellip;]<\/p>\n","protected":false},"author":1,"featured_media":0,"parent":0,"menu_order":0,"comment_status":"closed","ping_status":"closed","template":"","meta":{"ocean_post_layout":"full-width","ocean_both_sidebars_style":"","ocean_both_sidebars_content_width":0,"ocean_both_sidebars_sidebars_width":0,"ocean_sidebar":"0","ocean_second_sidebar":"0","ocean_disable_margins":"enable","ocean_add_body_class":"","ocean_shortcode_before_top_bar":"","ocean_shortcode_after_top_bar":"","ocean_shortcode_before_header":"","ocean_shortcode_after_header":"","ocean_has_shortcode":"","ocean_shortcode_after_title":"","ocean_shortcode_before_footer_widgets":"","ocean_shortcode_after_footer_widgets":"","ocean_shortcode_before_footer_bottom":"","ocean_shortcode_after_footer_bottom":"","ocean_display_top_bar":"default","ocean_display_header":"default","ocean_header_style":"","ocean_center_header_left_menu":"0","ocean_custom_header_template":"0","ocean_custom_logo":0,"ocean_custom_retina_logo":0,"ocean_custom_logo_max_width":0,"ocean_custom_logo_tablet_max_width":0,"ocean_custom_logo_mobile_max_width":0,"ocean_custom_logo_max_height":0,"ocean_custom_logo_tablet_max_height":0,"ocean_custom_logo_mobile_max_height":0,"ocean_header_custom_menu":"0","ocean_menu_typo_font_family":"0","ocean_menu_typo_font_subset":"","ocean_menu_typo_font_size":0,"ocean_menu_typo_font_size_tablet":0,"ocean_menu_typo_font_size_mobile":0,"ocean_menu_typo_font_size_unit":"px","ocean_menu_typo_font_weight":"","ocean_menu_typo_font_weight_tablet":"","ocean_menu_typo_font_weight_mobile":"","ocean_menu_typo_transform":"","ocean_menu_typo_transform_tablet":"","ocean_menu_typo_transform_mobile":"","ocean_menu_typo_line_height":0,"ocean_menu_typo_line_height_tablet":0,"ocean_menu_typo_line_height_mobile":0,"ocean_menu_typo_line_height_unit":"","ocean_menu_typo_spacing":0,"ocean_menu_typo_spacing_tablet":0,"ocean_menu_typo_spacing_mobile":0,"ocean_menu_typo_spacing_unit":"","ocean_menu_link_color":"","ocean_menu_link_color_hover":"","ocean_menu_link_color_active":"","ocean_menu_link_background":"","ocean_menu_link_hover_background":"","ocean_menu_link_active_background":"","ocean_menu_social_links_bg":"","ocean_menu_social_hover_links_bg":"","ocean_menu_social_links_color":"","ocean_menu_social_hover_links_color":"","ocean_disable_title":"default","ocean_disable_heading":"default","ocean_post_title":"","ocean_post_subheading":"","ocean_post_title_style":"","ocean_post_title_background_color":"","ocean_post_title_background":0,"ocean_post_title_bg_image_position":"","ocean_post_title_bg_image_attachment":"","ocean_post_title_bg_image_repeat":"","ocean_post_title_bg_image_size":"","ocean_post_title_height":0,"ocean_post_title_bg_overlay":0.5,"ocean_post_title_bg_overlay_color":"","ocean_disable_breadcrumbs":"off","ocean_breadcrumbs_color":"","ocean_breadcrumbs_separator_color":"","ocean_breadcrumbs_links_color":"","ocean_breadcrumbs_links_hover_color":"","ocean_display_footer_widgets":"default","ocean_display_footer_bottom":"default","ocean_custom_footer_template":"0","footnotes":""},"class_list":["post-12","page","type-page","status-publish","hentry","entry"],"yoast_head":"<!-- This site is optimized with the Yoast SEO plugin v27.3 - https:\/\/yoast.com\/product\/yoast-seo-wordpress\/ -->\n<title>Erfahrungen - Ferndriger Engineering<\/title>\n<meta name=\"description\" content=\"Ferndriger Engineering bietet Dienstleistungen im Bereich Projektmanagement, Technik und Engineering.\" \/>\n<meta name=\"robots\" content=\"index, follow, max-snippet:-1, max-image-preview:large, max-video-preview:-1\" \/>\n<link rel=\"canonical\" href=\"https:\/\/ferndriger-eng.ch\/?page_id=12\" \/>\n<meta property=\"og:locale\" content=\"de_DE\" \/>\n<meta property=\"og:type\" content=\"article\" \/>\n<meta property=\"og:title\" content=\"Erfahrungen - Ferndriger Engineering\" \/>\n<meta property=\"og:description\" content=\"Ferndriger Engineering bietet Dienstleistungen im Bereich Projektmanagement, Technik und Engineering.\" \/>\n<meta property=\"og:url\" content=\"https:\/\/ferndriger-eng.ch\/?page_id=12\" \/>\n<meta property=\"og:site_name\" content=\"Ferndriger Engineering\" \/>\n<meta property=\"article:modified_time\" content=\"2021-01-05T16:11:36+00:00\" \/>\n<meta name=\"twitter:card\" content=\"summary_large_image\" \/>\n<meta name=\"twitter:label1\" content=\"Gesch\u00e4tzte Lesezeit\" \/>\n\t<meta name=\"twitter:data1\" content=\"1\u00a0Minute\" \/>\n<script type=\"application\/ld+json\" class=\"yoast-schema-graph\">{\"@context\":\"https:\\\/\\\/schema.org\",\"@graph\":[{\"@type\":\"WebPage\",\"@id\":\"https:\\\/\\\/ferndriger-eng.ch\\\/?page_id=12\",\"url\":\"https:\\\/\\\/ferndriger-eng.ch\\\/?page_id=12\",\"name\":\"Erfahrungen - Ferndriger Engineering\",\"isPartOf\":{\"@id\":\"https:\\\/\\\/ferndriger-eng.ch\\\/#website\"},\"datePublished\":\"2020-11-27T11:21:31+00:00\",\"dateModified\":\"2021-01-05T16:11:36+00:00\",\"description\":\"Ferndriger Engineering bietet Dienstleistungen im Bereich Projektmanagement, Technik und Engineering.\",\"breadcrumb\":{\"@id\":\"https:\\\/\\\/ferndriger-eng.ch\\\/?page_id=12#breadcrumb\"},\"inLanguage\":\"de\",\"potentialAction\":[{\"@type\":\"ReadAction\",\"target\":[\"https:\\\/\\\/ferndriger-eng.ch\\\/?page_id=12\"]}]},{\"@type\":\"BreadcrumbList\",\"@id\":\"https:\\\/\\\/ferndriger-eng.ch\\\/?page_id=12#breadcrumb\",\"itemListElement\":[{\"@type\":\"ListItem\",\"position\":1,\"name\":\"Startseite\",\"item\":\"https:\\\/\\\/ferndriger-eng.ch\\\/\"},{\"@type\":\"ListItem\",\"position\":2,\"name\":\"Erfahrungen\"}]},{\"@type\":\"WebSite\",\"@id\":\"https:\\\/\\\/ferndriger-eng.ch\\\/#website\",\"url\":\"https:\\\/\\\/ferndriger-eng.ch\\\/\",\"name\":\"Ferndriger Engineering\",\"description\":\"Ferndriger Engineering\",\"publisher\":{\"@id\":\"https:\\\/\\\/ferndriger-eng.ch\\\/#organization\"},\"potentialAction\":[{\"@type\":\"SearchAction\",\"target\":{\"@type\":\"EntryPoint\",\"urlTemplate\":\"https:\\\/\\\/ferndriger-eng.ch\\\/?s={search_term_string}\"},\"query-input\":{\"@type\":\"PropertyValueSpecification\",\"valueRequired\":true,\"valueName\":\"search_term_string\"}}],\"inLanguage\":\"de\"},{\"@type\":\"Organization\",\"@id\":\"https:\\\/\\\/ferndriger-eng.ch\\\/#organization\",\"name\":\"Ferndriger Engineering\",\"url\":\"https:\\\/\\\/ferndriger-eng.ch\\\/\",\"logo\":{\"@type\":\"ImageObject\",\"inLanguage\":\"de\",\"@id\":\"https:\\\/\\\/ferndriger-eng.ch\\\/#\\\/schema\\\/logo\\\/image\\\/\",\"url\":\"https:\\\/\\\/ferndriger-eng.ch\\\/wp-content\\\/uploads\\\/2020\\\/12\\\/head5.jpg\",\"contentUrl\":\"https:\\\/\\\/ferndriger-eng.ch\\\/wp-content\\\/uploads\\\/2020\\\/12\\\/head5.jpg\",\"width\":1024,\"height\":81,\"caption\":\"Ferndriger Engineering\"},\"image\":{\"@id\":\"https:\\\/\\\/ferndriger-eng.ch\\\/#\\\/schema\\\/logo\\\/image\\\/\"}}]}<\/script>\n<!-- \/ Yoast SEO plugin. -->","yoast_head_json":{"title":"Erfahrungen - Ferndriger Engineering","description":"Ferndriger Engineering bietet Dienstleistungen im Bereich Projektmanagement, Technik und Engineering.","robots":{"index":"index","follow":"follow","max-snippet":"max-snippet:-1","max-image-preview":"max-image-preview:large","max-video-preview":"max-video-preview:-1"},"canonical":"https:\/\/ferndriger-eng.ch\/?page_id=12","og_locale":"de_DE","og_type":"article","og_title":"Erfahrungen - Ferndriger Engineering","og_description":"Ferndriger Engineering bietet Dienstleistungen im Bereich Projektmanagement, Technik und Engineering.","og_url":"https:\/\/ferndriger-eng.ch\/?page_id=12","og_site_name":"Ferndriger Engineering","article_modified_time":"2021-01-05T16:11:36+00:00","twitter_card":"summary_large_image","twitter_misc":{"Gesch\u00e4tzte Lesezeit":"1\u00a0Minute"},"schema":{"@context":"https:\/\/schema.org","@graph":[{"@type":"WebPage","@id":"https:\/\/ferndriger-eng.ch\/?page_id=12","url":"https:\/\/ferndriger-eng.ch\/?page_id=12","name":"Erfahrungen - Ferndriger Engineering","isPartOf":{"@id":"https:\/\/ferndriger-eng.ch\/#website"},"datePublished":"2020-11-27T11:21:31+00:00","dateModified":"2021-01-05T16:11:36+00:00","description":"Ferndriger Engineering bietet Dienstleistungen im Bereich Projektmanagement, Technik und Engineering.","breadcrumb":{"@id":"https:\/\/ferndriger-eng.ch\/?page_id=12#breadcrumb"},"inLanguage":"de","potentialAction":[{"@type":"ReadAction","target":["https:\/\/ferndriger-eng.ch\/?page_id=12"]}]},{"@type":"BreadcrumbList","@id":"https:\/\/ferndriger-eng.ch\/?page_id=12#breadcrumb","itemListElement":[{"@type":"ListItem","position":1,"name":"Startseite","item":"https:\/\/ferndriger-eng.ch\/"},{"@type":"ListItem","position":2,"name":"Erfahrungen"}]},{"@type":"WebSite","@id":"https:\/\/ferndriger-eng.ch\/#website","url":"https:\/\/ferndriger-eng.ch\/","name":"Ferndriger Engineering","description":"Ferndriger Engineering","publisher":{"@id":"https:\/\/ferndriger-eng.ch\/#organization"},"potentialAction":[{"@type":"SearchAction","target":{"@type":"EntryPoint","urlTemplate":"https:\/\/ferndriger-eng.ch\/?s={search_term_string}"},"query-input":{"@type":"PropertyValueSpecification","valueRequired":true,"valueName":"search_term_string"}}],"inLanguage":"de"},{"@type":"Organization","@id":"https:\/\/ferndriger-eng.ch\/#organization","name":"Ferndriger Engineering","url":"https:\/\/ferndriger-eng.ch\/","logo":{"@type":"ImageObject","inLanguage":"de","@id":"https:\/\/ferndriger-eng.ch\/#\/schema\/logo\/image\/","url":"https:\/\/ferndriger-eng.ch\/wp-content\/uploads\/2020\/12\/head5.jpg","contentUrl":"https:\/\/ferndriger-eng.ch\/wp-content\/uploads\/2020\/12\/head5.jpg","width":1024,"height":81,"caption":"Ferndriger Engineering"},"image":{"@id":"https:\/\/ferndriger-eng.ch\/#\/schema\/logo\/image\/"}}]}},"_links":{"self":[{"href":"https:\/\/ferndriger-eng.ch\/index.php?rest_route=\/wp\/v2\/pages\/12","targetHints":{"allow":["GET"]}}],"collection":[{"href":"https:\/\/ferndriger-eng.ch\/index.php?rest_route=\/wp\/v2\/pages"}],"about":[{"href":"https:\/\/ferndriger-eng.ch\/index.php?rest_route=\/wp\/v2\/types\/page"}],"author":[{"embeddable":true,"href":"https:\/\/ferndriger-eng.ch\/index.php?rest_route=\/wp\/v2\/users\/1"}],"replies":[{"embeddable":true,"href":"https:\/\/ferndriger-eng.ch\/index.php?rest_route=%2Fwp%2Fv2%2Fcomments&post=12"}],"version-history":[{"count":20,"href":"https:\/\/ferndriger-eng.ch\/index.php?rest_route=\/wp\/v2\/pages\/12\/revisions"}],"predecessor-version":[{"id":475,"href":"https:\/\/ferndriger-eng.ch\/index.php?rest_route=\/wp\/v2\/pages\/12\/revisions\/475"}],"wp:attachment":[{"href":"https:\/\/ferndriger-eng.ch\/index.php?rest_route=%2Fwp%2Fv2%2Fmedia&parent=12"}],"curies":[{"name":"wp","href":"https:\/\/api.w.org\/{rel}","templated":true}]}}