{"id":14,"date":"2020-11-27T11:22:00","date_gmt":"2020-11-27T11:22:00","guid":{"rendered":"https:\/\/ferndriger-eng.ch\/?page_id=14"},"modified":"2020-12-09T15:20:47","modified_gmt":"2020-12-09T15:20:47","slug":"thema-nr-3","status":"publish","type":"page","link":"https:\/\/ferndriger-eng.ch\/?page_id=14","title":{"rendered":"Angebot"},"content":{"rendered":"\t\t<div data-elementor-type=\"wp-page\" data-elementor-id=\"14\" class=\"elementor elementor-14\">\n\t\t\t\t\t\t<section class=\"elementor-section elementor-top-section elementor-element elementor-element-0dd929f elementor-section-boxed elementor-section-height-default elementor-section-height-default\" data-id=\"0dd929f\" data-element_type=\"section\" data-e-type=\"section\">\n\t\t\t\t\t\t<div class=\"elementor-container elementor-column-gap-default\">\n\t\t\t\t\t<div class=\"elementor-column elementor-col-100 elementor-top-column elementor-element elementor-element-c7f37c5\" data-id=\"c7f37c5\" data-element_type=\"column\" data-e-type=\"column\">\n\t\t\t<div class=\"elementor-widget-wrap elementor-element-populated\">\n\t\t\t\t\t\t<div class=\"elementor-element elementor-element-d2be503 elementor-widget elementor-widget-heading\" data-id=\"d2be503\" data-element_type=\"widget\" data-e-type=\"widget\" data-widget_type=\"heading.default\">\n\t\t\t\t<div class=\"elementor-widget-container\">\n\t\t\t\t\t<h2 class=\"elementor-heading-title elementor-size-default\">Was kann ich f\u00fcr Sie tun?<\/h2>\t\t\t\t<\/div>\n\t\t\t\t<\/div>\n\t\t\t\t<div class=\"elementor-element elementor-element-0b84eb4 elementor-widget elementor-widget-text-editor\" data-id=\"0b84eb4\" data-element_type=\"widget\" data-e-type=\"widget\" data-widget_type=\"text-editor.default\">\n\t\t\t\t<div class=\"elementor-widget-container\">\n\t\t\t\t\t\t\t\t\t<ul><li>Projektleitung \/ Projektunterst\u00fctzung in den Bereichen Produktentwicklung, Vertrieb, Beschaffung, usw.<\/li><li>Unterst\u00fctzung Vertrieb und Marketing<\/li><li>Konstruktionsunterst\u00fctzung und technische Abkl\u00e4rungen<\/li><li>Interimistisches Leitung von Teams \/ Organisationsbereichen (Management, Verkauf, Konstruktion\/Entwicklung, Beschaffung, Produktion)<\/li><\/ul>\t\t\t\t\t\t\t\t<\/div>\n\t\t\t\t<\/div>\n\t\t\t\t\t<\/div>\n\t\t<\/div>\n\t\t\t\t\t<\/div>\n\t\t<\/section>\n\t\t\t\t<section class=\"elementor-section elementor-top-section elementor-element elementor-element-f4de6ce elementor-section-boxed elementor-section-height-default elementor-section-height-default\" data-id=\"f4de6ce\" data-element_type=\"section\" data-e-type=\"section\">\n\t\t\t\t\t\t<div class=\"elementor-container elementor-column-gap-default\">\n\t\t\t\t\t<div class=\"elementor-column elementor-col-100 elementor-top-column elementor-element elementor-element-980e641\" data-id=\"980e641\" data-element_type=\"column\" data-e-type=\"column\">\n\t\t\t<div class=\"elementor-widget-wrap elementor-element-populated\">\n\t\t\t\t\t\t<div class=\"elementor-element elementor-element-3f6c3df elementor-widget elementor-widget-heading\" data-id=\"3f6c3df\" data-element_type=\"widget\" data-e-type=\"widget\" data-widget_type=\"heading.default\">\n\t\t\t\t<div class=\"elementor-widget-container\">\n\t\t\t\t\t<h2 class=\"elementor-heading-title elementor-size-default\">Auftragsabwicklung<\/h2>\t\t\t\t<\/div>\n\t\t\t\t<\/div>\n\t\t\t\t<div class=\"elementor-element elementor-element-2ab4468 elementor-widget elementor-widget-text-editor\" data-id=\"2ab4468\" data-element_type=\"widget\" data-e-type=\"widget\" data-widget_type=\"text-editor.default\">\n\t\t\t\t<div class=\"elementor-widget-container\">\n\t\t\t\t\t\t\t\t\t<p><strong>Mandatsarbeiten<\/strong><\/p><p>Vorgabe der Aufgabe \/ des Projektes mit Zieldefinition und Rahmenbedingungen durch den Auftraggeber. Arbeitsausf\u00fchrung bei Ihnen im Haus oder nach Vereinbarung. <span style=\"font-size: 18px;\">Abrechnung nach Absprache pro geleistete Arbeitsstunde oder als fixierten Kostenblock.<\/span><\/p>\t\t\t\t\t\t\t\t<\/div>\n\t\t\t\t<\/div>\n\t\t\t\t<div class=\"elementor-element elementor-element-5bdf7cb elementor-widget elementor-widget-text-editor\" data-id=\"5bdf7cb\" data-element_type=\"widget\" data-e-type=\"widget\" data-widget_type=\"text-editor.default\">\n\t\t\t\t<div class=\"elementor-widget-container\">\n\t\t\t\t\t\t\t\t\t<p><strong>Festanstellung<\/strong><\/p><p>Anstellung auf Zeit oder l\u00e4ngerdauernde Zusammenarbeit nach Vereinbarung.<\/p>\t\t\t\t\t\t\t\t<\/div>\n\t\t\t\t<\/div>\n\t\t\t\t<div class=\"elementor-element elementor-element-7cc1e7f elementor-widget elementor-widget-text-editor\" data-id=\"7cc1e7f\" data-element_type=\"widget\" data-e-type=\"widget\" data-widget_type=\"text-editor.default\">\n\t\t\t\t<div class=\"elementor-widget-container\">\n\t\t\t\t\t\t\t\t\t<p><span style=\"color: #000000;\"><a style=\"color: #000000;\" href=\"http:\/\/ferndriger-eng.ch\/?page_id=71\"><strong>&gt; Kontakt<\/strong><\/a><\/span><\/p>\t\t\t\t\t\t\t\t<\/div>\n\t\t\t\t<\/div>\n\t\t\t\t<div class=\"elementor-element elementor-element-1ab762b elementor-widget elementor-widget-text-editor\" data-id=\"1ab762b\" data-element_type=\"widget\" data-e-type=\"widget\" data-widget_type=\"text-editor.default\">\n\t\t\t\t<div class=\"elementor-widget-container\">\n\t\t\t\t\t\t\t\t\t<p><a href=\"mailto:kontakt@ferndriger-eng.ch\"><strong>&gt; E-Mail<\/strong><\/a><\/p>\t\t\t\t\t\t\t\t<\/div>\n\t\t\t\t<\/div>\n\t\t\t\t\t<\/div>\n\t\t<\/div>\n\t\t\t\t\t<\/div>\n\t\t<\/section>\n\t\t\t\t<\/div>\n\t\t","protected":false},"excerpt":{"rendered":"<p>Was kann ich f\u00fcr Sie tun? Projektleitung \/ Projektunterst\u00fctzung in den Bereichen Produktentwicklung, Vertrieb, Beschaffung, usw. Unterst\u00fctzung Vertrieb und Marketing Konstruktionsunterst\u00fctzung und technische Abkl\u00e4rungen Interimistisches Leitung von Teams \/ Organisationsbereichen (Management, Verkauf, Konstruktion\/Entwicklung, Beschaffung, Produktion) Auftragsabwicklung Mandatsarbeiten Vorgabe der Aufgabe \/ des Projektes mit Zieldefinition und Rahmenbedingungen durch den Auftraggeber. Arbeitsausf\u00fchrung bei Ihnen im Haus [&hellip;]<\/p>\n","protected":false},"author":1,"featured_media":0,"parent":0,"menu_order":0,"comment_status":"closed","ping_status":"closed","template":"","meta":{"ocean_post_layout":"","ocean_both_sidebars_style":"","ocean_both_sidebars_content_width":0,"ocean_both_sidebars_sidebars_width":0,"ocean_sidebar":"0","ocean_second_sidebar":"0","ocean_disable_margins":"enable","ocean_add_body_class":"","ocean_shortcode_before_top_bar":"","ocean_shortcode_after_top_bar":"","ocean_shortcode_before_header":"","ocean_shortcode_after_header":"","ocean_has_shortcode":"","ocean_shortcode_after_title":"","ocean_shortcode_before_footer_widgets":"","ocean_shortcode_after_footer_widgets":"","ocean_shortcode_before_footer_bottom":"","ocean_shortcode_after_footer_bottom":"","ocean_display_top_bar":"default","ocean_display_header":"default","ocean_header_style":"","ocean_center_header_left_menu":"0","ocean_custom_header_template":"0","ocean_custom_logo":0,"ocean_custom_retina_logo":0,"ocean_custom_logo_max_width":0,"ocean_custom_logo_tablet_max_width":0,"ocean_custom_logo_mobile_max_width":0,"ocean_custom_logo_max_height":0,"ocean_custom_logo_tablet_max_height":0,"ocean_custom_logo_mobile_max_height":0,"ocean_header_custom_menu":"0","ocean_menu_typo_font_family":"0","ocean_menu_typo_font_subset":"","ocean_menu_typo_font_size":0,"ocean_menu_typo_font_size_tablet":0,"ocean_menu_typo_font_size_mobile":0,"ocean_menu_typo_font_size_unit":"px","ocean_menu_typo_font_weight":"","ocean_menu_typo_font_weight_tablet":"","ocean_menu_typo_font_weight_mobile":"","ocean_menu_typo_transform":"","ocean_menu_typo_transform_tablet":"","ocean_menu_typo_transform_mobile":"","ocean_menu_typo_line_height":0,"ocean_menu_typo_line_height_tablet":0,"ocean_menu_typo_line_height_mobile":0,"ocean_menu_typo_line_height_unit":"","ocean_menu_typo_spacing":0,"ocean_menu_typo_spacing_tablet":0,"ocean_menu_typo_spacing_mobile":0,"ocean_menu_typo_spacing_unit":"","ocean_menu_link_color":"","ocean_menu_link_color_hover":"","ocean_menu_link_color_active":"","ocean_menu_link_background":"","ocean_menu_link_hover_background":"","ocean_menu_link_active_background":"","ocean_menu_social_links_bg":"","ocean_menu_social_hover_links_bg":"","ocean_menu_social_links_color":"","ocean_menu_social_hover_links_color":"","ocean_disable_title":"default","ocean_disable_heading":"default","ocean_post_title":"","ocean_post_subheading":"","ocean_post_title_style":"","ocean_post_title_background_color":"","ocean_post_title_background":0,"ocean_post_title_bg_image_position":"","ocean_post_title_bg_image_attachment":"","ocean_post_title_bg_image_repeat":"","ocean_post_title_bg_image_size":"","ocean_post_title_height":0,"ocean_post_title_bg_overlay":0.5,"ocean_post_title_bg_overlay_color":"","ocean_disable_breadcrumbs":"default","ocean_breadcrumbs_color":"","ocean_breadcrumbs_separator_color":"","ocean_breadcrumbs_links_color":"","ocean_breadcrumbs_links_hover_color":"","ocean_display_footer_widgets":"default","ocean_display_footer_bottom":"default","ocean_custom_footer_template":"0","footnotes":""},"class_list":["post-14","page","type-page","status-publish","hentry","entry"],"yoast_head":"<!-- This site is optimized with the Yoast SEO plugin v27.3 - https:\/\/yoast.com\/product\/yoast-seo-wordpress\/ -->\n<title>Angebot - Ferndriger Engineering<\/title>\n<meta name=\"description\" content=\"Ferndriger Engineering bietet Dienstleistungen im Bereich Projektmanagement, Technik und Engineering.\" \/>\n<meta name=\"robots\" content=\"index, follow, max-snippet:-1, max-image-preview:large, max-video-preview:-1\" \/>\n<link rel=\"canonical\" href=\"https:\/\/ferndriger-eng.ch\/?page_id=14\" \/>\n<meta property=\"og:locale\" content=\"de_DE\" \/>\n<meta property=\"og:type\" content=\"article\" \/>\n<meta property=\"og:title\" content=\"Angebot - Ferndriger Engineering\" \/>\n<meta property=\"og:description\" content=\"Ferndriger Engineering bietet Dienstleistungen im Bereich Projektmanagement, Technik und Engineering.\" \/>\n<meta property=\"og:url\" content=\"https:\/\/ferndriger-eng.ch\/?page_id=14\" \/>\n<meta property=\"og:site_name\" content=\"Ferndriger Engineering\" \/>\n<meta property=\"article:modified_time\" content=\"2020-12-09T15:20:47+00:00\" \/>\n<meta name=\"twitter:card\" content=\"summary_large_image\" \/>\n<script type=\"application\/ld+json\" class=\"yoast-schema-graph\">{\"@context\":\"https:\\\/\\\/schema.org\",\"@graph\":[{\"@type\":\"WebPage\",\"@id\":\"https:\\\/\\\/ferndriger-eng.ch\\\/?page_id=14\",\"url\":\"https:\\\/\\\/ferndriger-eng.ch\\\/?page_id=14\",\"name\":\"Angebot - Ferndriger Engineering\",\"isPartOf\":{\"@id\":\"https:\\\/\\\/ferndriger-eng.ch\\\/#website\"},\"datePublished\":\"2020-11-27T11:22:00+00:00\",\"dateModified\":\"2020-12-09T15:20:47+00:00\",\"description\":\"Ferndriger Engineering bietet Dienstleistungen im Bereich Projektmanagement, Technik und Engineering.\",\"breadcrumb\":{\"@id\":\"https:\\\/\\\/ferndriger-eng.ch\\\/?page_id=14#breadcrumb\"},\"inLanguage\":\"de\",\"potentialAction\":[{\"@type\":\"ReadAction\",\"target\":[\"https:\\\/\\\/ferndriger-eng.ch\\\/?page_id=14\"]}]},{\"@type\":\"BreadcrumbList\",\"@id\":\"https:\\\/\\\/ferndriger-eng.ch\\\/?page_id=14#breadcrumb\",\"itemListElement\":[{\"@type\":\"ListItem\",\"position\":1,\"name\":\"Startseite\",\"item\":\"https:\\\/\\\/ferndriger-eng.ch\\\/\"},{\"@type\":\"ListItem\",\"position\":2,\"name\":\"Angebot\"}]},{\"@type\":\"WebSite\",\"@id\":\"https:\\\/\\\/ferndriger-eng.ch\\\/#website\",\"url\":\"https:\\\/\\\/ferndriger-eng.ch\\\/\",\"name\":\"Ferndriger Engineering\",\"description\":\"Ferndriger Engineering\",\"publisher\":{\"@id\":\"https:\\\/\\\/ferndriger-eng.ch\\\/#organization\"},\"potentialAction\":[{\"@type\":\"SearchAction\",\"target\":{\"@type\":\"EntryPoint\",\"urlTemplate\":\"https:\\\/\\\/ferndriger-eng.ch\\\/?s={search_term_string}\"},\"query-input\":{\"@type\":\"PropertyValueSpecification\",\"valueRequired\":true,\"valueName\":\"search_term_string\"}}],\"inLanguage\":\"de\"},{\"@type\":\"Organization\",\"@id\":\"https:\\\/\\\/ferndriger-eng.ch\\\/#organization\",\"name\":\"Ferndriger Engineering\",\"url\":\"https:\\\/\\\/ferndriger-eng.ch\\\/\",\"logo\":{\"@type\":\"ImageObject\",\"inLanguage\":\"de\",\"@id\":\"https:\\\/\\\/ferndriger-eng.ch\\\/#\\\/schema\\\/logo\\\/image\\\/\",\"url\":\"https:\\\/\\\/ferndriger-eng.ch\\\/wp-content\\\/uploads\\\/2020\\\/12\\\/head5.jpg\",\"contentUrl\":\"https:\\\/\\\/ferndriger-eng.ch\\\/wp-content\\\/uploads\\\/2020\\\/12\\\/head5.jpg\",\"width\":1024,\"height\":81,\"caption\":\"Ferndriger Engineering\"},\"image\":{\"@id\":\"https:\\\/\\\/ferndriger-eng.ch\\\/#\\\/schema\\\/logo\\\/image\\\/\"}}]}<\/script>\n<!-- \/ Yoast SEO plugin. -->","yoast_head_json":{"title":"Angebot - Ferndriger Engineering","description":"Ferndriger Engineering bietet Dienstleistungen im Bereich Projektmanagement, Technik und Engineering.","robots":{"index":"index","follow":"follow","max-snippet":"max-snippet:-1","max-image-preview":"max-image-preview:large","max-video-preview":"max-video-preview:-1"},"canonical":"https:\/\/ferndriger-eng.ch\/?page_id=14","og_locale":"de_DE","og_type":"article","og_title":"Angebot - Ferndriger Engineering","og_description":"Ferndriger Engineering bietet Dienstleistungen im Bereich Projektmanagement, Technik und Engineering.","og_url":"https:\/\/ferndriger-eng.ch\/?page_id=14","og_site_name":"Ferndriger Engineering","article_modified_time":"2020-12-09T15:20:47+00:00","twitter_card":"summary_large_image","schema":{"@context":"https:\/\/schema.org","@graph":[{"@type":"WebPage","@id":"https:\/\/ferndriger-eng.ch\/?page_id=14","url":"https:\/\/ferndriger-eng.ch\/?page_id=14","name":"Angebot - Ferndriger Engineering","isPartOf":{"@id":"https:\/\/ferndriger-eng.ch\/#website"},"datePublished":"2020-11-27T11:22:00+00:00","dateModified":"2020-12-09T15:20:47+00:00","description":"Ferndriger Engineering bietet Dienstleistungen im Bereich Projektmanagement, Technik und Engineering.","breadcrumb":{"@id":"https:\/\/ferndriger-eng.ch\/?page_id=14#breadcrumb"},"inLanguage":"de","potentialAction":[{"@type":"ReadAction","target":["https:\/\/ferndriger-eng.ch\/?page_id=14"]}]},{"@type":"BreadcrumbList","@id":"https:\/\/ferndriger-eng.ch\/?page_id=14#breadcrumb","itemListElement":[{"@type":"ListItem","position":1,"name":"Startseite","item":"https:\/\/ferndriger-eng.ch\/"},{"@type":"ListItem","position":2,"name":"Angebot"}]},{"@type":"WebSite","@id":"https:\/\/ferndriger-eng.ch\/#website","url":"https:\/\/ferndriger-eng.ch\/","name":"Ferndriger Engineering","description":"Ferndriger Engineering","publisher":{"@id":"https:\/\/ferndriger-eng.ch\/#organization"},"potentialAction":[{"@type":"SearchAction","target":{"@type":"EntryPoint","urlTemplate":"https:\/\/ferndriger-eng.ch\/?s={search_term_string}"},"query-input":{"@type":"PropertyValueSpecification","valueRequired":true,"valueName":"search_term_string"}}],"inLanguage":"de"},{"@type":"Organization","@id":"https:\/\/ferndriger-eng.ch\/#organization","name":"Ferndriger Engineering","url":"https:\/\/ferndriger-eng.ch\/","logo":{"@type":"ImageObject","inLanguage":"de","@id":"https:\/\/ferndriger-eng.ch\/#\/schema\/logo\/image\/","url":"https:\/\/ferndriger-eng.ch\/wp-content\/uploads\/2020\/12\/head5.jpg","contentUrl":"https:\/\/ferndriger-eng.ch\/wp-content\/uploads\/2020\/12\/head5.jpg","width":1024,"height":81,"caption":"Ferndriger Engineering"},"image":{"@id":"https:\/\/ferndriger-eng.ch\/#\/schema\/logo\/image\/"}}]}},"_links":{"self":[{"href":"https:\/\/ferndriger-eng.ch\/index.php?rest_route=\/wp\/v2\/pages\/14","targetHints":{"allow":["GET"]}}],"collection":[{"href":"https:\/\/ferndriger-eng.ch\/index.php?rest_route=\/wp\/v2\/pages"}],"about":[{"href":"https:\/\/ferndriger-eng.ch\/index.php?rest_route=\/wp\/v2\/types\/page"}],"author":[{"embeddable":true,"href":"https:\/\/ferndriger-eng.ch\/index.php?rest_route=\/wp\/v2\/users\/1"}],"replies":[{"embeddable":true,"href":"https:\/\/ferndriger-eng.ch\/index.php?rest_route=%2Fwp%2Fv2%2Fcomments&post=14"}],"version-history":[{"count":89,"href":"https:\/\/ferndriger-eng.ch\/index.php?rest_route=\/wp\/v2\/pages\/14\/revisions"}],"predecessor-version":[{"id":462,"href":"https:\/\/ferndriger-eng.ch\/index.php?rest_route=\/wp\/v2\/pages\/14\/revisions\/462"}],"wp:attachment":[{"href":"https:\/\/ferndriger-eng.ch\/index.php?rest_route=%2Fwp%2Fv2%2Fmedia&parent=14"}],"curies":[{"name":"wp","href":"https:\/\/api.w.org\/{rel}","templated":true}]}}