{"id":7,"date":"2020-11-27T11:19:56","date_gmt":"2020-11-27T11:19:56","guid":{"rendered":"https:\/\/ferndriger-eng.ch\/?page_id=7"},"modified":"2020-12-09T22:37:59","modified_gmt":"2020-12-09T22:37:59","slug":"home","status":"publish","type":"page","link":"https:\/\/ferndriger-eng.ch\/","title":{"rendered":"Home"},"content":{"rendered":"\t\t<div data-elementor-type=\"wp-page\" data-elementor-id=\"7\" class=\"elementor elementor-7\">\n\t\t\t\t\t\t<section class=\"elementor-section elementor-top-section elementor-element elementor-element-b2e45e7 elementor-section-boxed elementor-section-height-default elementor-section-height-default\" data-id=\"b2e45e7\" data-element_type=\"section\" data-e-type=\"section\">\n\t\t\t\t\t\t<div class=\"elementor-container elementor-column-gap-default\">\n\t\t\t\t\t<div class=\"elementor-column elementor-col-33 elementor-top-column elementor-element elementor-element-43a32bf\" data-id=\"43a32bf\" data-element_type=\"column\" data-e-type=\"column\">\n\t\t\t<div class=\"elementor-widget-wrap elementor-element-populated\">\n\t\t\t\t\t\t<div class=\"elementor-element elementor-element-d6555aa elementor-widget elementor-widget-image\" data-id=\"d6555aa\" data-element_type=\"widget\" data-e-type=\"widget\" data-widget_type=\"image.default\">\n\t\t\t\t<div class=\"elementor-widget-container\">\n\t\t\t\t\t\t\t\t\t\t\t\t\t\t\t<img decoding=\"async\" src=\"https:\/\/ferndriger-eng.ch\/wp-content\/uploads\/elementor\/thumbs\/2016-BO-FEB-1-Kopie-ozif150ndc91uwr48oivqbdasym1pcqzt3qce3hl66.jpg\" title=\"2016 BO FEB-1 &#8211; Kopie\" alt=\"2016 BO FEB-1 - Kopie\" loading=\"lazy\" \/>\t\t\t\t\t\t\t\t\t\t\t\t\t\t\t<\/div>\n\t\t\t\t<\/div>\n\t\t\t\t\t<\/div>\n\t\t<\/div>\n\t\t\t\t<div class=\"elementor-column elementor-col-66 elementor-top-column elementor-element elementor-element-c306446\" data-id=\"c306446\" data-element_type=\"column\" data-e-type=\"column\">\n\t\t\t<div class=\"elementor-widget-wrap elementor-element-populated\">\n\t\t\t\t\t\t<div class=\"elementor-element elementor-element-3f85165 elementor-widget elementor-widget-text-editor\" data-id=\"3f85165\" data-element_type=\"widget\" data-e-type=\"widget\" data-widget_type=\"text-editor.default\">\n\t\t\t\t<div class=\"elementor-widget-container\">\n\t\t\t\t\t\t\t\t\t<p><strong>Beat Ferndriger, Inhaber und Gesch\u00e4ftsf\u00fchrer<\/strong><\/p>\n<p><strong>Maschineningenieur HTL, Nachdiplom Betriebswirtschaft KMU HSG<\/strong><\/p>\n<p>Dienstleistungen im Bereich Projektmanagement, Vertrieb, Technik und Engineering sind meine St\u00e4rken.<\/p>\n<p><strong>Ziel- und resultatorientiert, systematisch, engagiert!<\/strong><\/p>\n<p>Jahrelange Erfahrungen in den Bereichen Werkzeug- und Anlagenbau, Automotiv, Blechtechnik und L\u00fcftungstechnik in der Rolle als Konstrukteur\/Entwickler, Management\/Gesch\u00e4ftsf\u00fchrung und Projektabwicklung sind Grundlagen zur Unterst\u00fctzung Ihrer Projekte.<\/p>\t\t\t\t\t\t\t\t<\/div>\n\t\t\t\t<\/div>\n\t\t\t\t<div class=\"elementor-element elementor-element-cbe05fd elementor-widget elementor-widget-heading\" data-id=\"cbe05fd\" data-element_type=\"widget\" data-e-type=\"widget\" data-widget_type=\"heading.default\">\n\t\t\t\t<div class=\"elementor-widget-container\">\n\t\t\t\t\t<h2 class=\"elementor-heading-title elementor-size-default\"><a href=\"http:\/\/ferndriger-eng.ch\/?page_id=71\">&gt; Kontakt \/ Anfragen<\/a><\/h2>\t\t\t\t<\/div>\n\t\t\t\t<\/div>\n\t\t\t\t\t<\/div>\n\t\t<\/div>\n\t\t\t\t\t<\/div>\n\t\t<\/section>\n\t\t\t\t<section class=\"elementor-section elementor-top-section elementor-element elementor-element-9d34e4a elementor-section-boxed elementor-section-height-default elementor-section-height-default\" data-id=\"9d34e4a\" data-element_type=\"section\" data-e-type=\"section\">\n\t\t\t\t\t\t<div class=\"elementor-container elementor-column-gap-default\">\n\t\t\t\t\t<div class=\"elementor-column elementor-col-100 elementor-top-column elementor-element elementor-element-3afa978\" data-id=\"3afa978\" data-element_type=\"column\" data-e-type=\"column\">\n\t\t\t<div class=\"elementor-widget-wrap elementor-element-populated\">\n\t\t\t\t\t\t<section class=\"elementor-section elementor-inner-section elementor-element elementor-element-d4026d4 elementor-section-boxed elementor-section-height-default elementor-section-height-default\" data-id=\"d4026d4\" data-element_type=\"section\" data-e-type=\"section\">\n\t\t\t\t\t\t<div class=\"elementor-container elementor-column-gap-default\">\n\t\t\t\t\t<div class=\"elementor-column elementor-col-33 elementor-inner-column elementor-element elementor-element-522de5b\" data-id=\"522de5b\" data-element_type=\"column\" data-e-type=\"column\">\n\t\t\t<div class=\"elementor-widget-wrap elementor-element-populated\">\n\t\t\t\t\t\t<div class=\"elementor-element elementor-element-e45c14f elementor-widget elementor-widget-image\" data-id=\"e45c14f\" data-element_type=\"widget\" data-e-type=\"widget\" data-widget_type=\"image.default\">\n\t\t\t\t<div class=\"elementor-widget-container\">\n\t\t\t\t\t\t\t\t\t\t\t\t\t\t\t<img decoding=\"async\" width=\"400\" height=\"100\" src=\"https:\/\/ferndriger-eng.ch\/wp-content\/uploads\/2020\/11\/musterbild3.jpg\" class=\"attachment-large size-large wp-image-57\" alt=\"\" srcset=\"https:\/\/ferndriger-eng.ch\/wp-content\/uploads\/2020\/11\/musterbild3.jpg 400w, https:\/\/ferndriger-eng.ch\/wp-content\/uploads\/2020\/11\/musterbild3-300x75.jpg 300w\" sizes=\"(max-width: 400px) 100vw, 400px\" \/>\t\t\t\t\t\t\t\t\t\t\t\t\t\t\t<\/div>\n\t\t\t\t<\/div>\n\t\t\t\t<div class=\"elementor-element elementor-element-1ebd122 elementor-widget elementor-widget-text-editor\" data-id=\"1ebd122\" data-element_type=\"widget\" data-e-type=\"widget\" data-widget_type=\"text-editor.default\">\n\t\t\t\t<div class=\"elementor-widget-container\">\n\t\t\t\t\t\t\t\t\t<p><b>Kurzportr\u00e4t<\/b><\/p><ul><li>14 Jahre Bonotec AG &#8211; Gesch\u00e4ftsleiter, Leiter Verkauf, Leiter Engineering<\/li><li>24 Jahre Advaltech + Styner+Bienz Verkauf\/Engineering Projektleiter Anlagenbau, Leiter CAD, Konstruktion<\/li><li>Weiterbildung ND KMU HSG<\/li><li>Maschineningenieur HTL<\/li><li>Maschinenzeichner\u00a0<br \/><br \/><br \/><br \/><\/li><\/ul>\t\t\t\t\t\t\t\t<\/div>\n\t\t\t\t<\/div>\n\t\t\t\t<div class=\"elementor-element elementor-element-d90e8bb elementor-widget elementor-widget-text-editor\" data-id=\"d90e8bb\" data-element_type=\"widget\" data-e-type=\"widget\" data-widget_type=\"text-editor.default\">\n\t\t\t\t<div class=\"elementor-widget-container\">\n\t\t\t\t\t\t\t\t\t<p><a href=\"http:\/\/ferndriger-eng.ch\/?page_id=10\"><strong>&gt; Mehr info&#8230;<\/strong><\/a><\/p>\t\t\t\t\t\t\t\t<\/div>\n\t\t\t\t<\/div>\n\t\t\t\t\t<\/div>\n\t\t<\/div>\n\t\t\t\t<div class=\"elementor-column elementor-col-33 elementor-inner-column elementor-element elementor-element-6041d1c\" data-id=\"6041d1c\" data-element_type=\"column\" data-e-type=\"column\">\n\t\t\t<div class=\"elementor-widget-wrap elementor-element-populated\">\n\t\t\t\t\t\t<div class=\"elementor-element elementor-element-54f5c96 elementor-widget elementor-widget-image\" data-id=\"54f5c96\" data-element_type=\"widget\" data-e-type=\"widget\" data-widget_type=\"image.default\">\n\t\t\t\t<div class=\"elementor-widget-container\">\n\t\t\t\t\t\t\t\t\t\t\t\t\t\t\t<img decoding=\"async\" width=\"400\" height=\"100\" src=\"https:\/\/ferndriger-eng.ch\/wp-content\/uploads\/2020\/11\/musterbild2.jpg\" class=\"attachment-large size-large wp-image-56\" alt=\"\" srcset=\"https:\/\/ferndriger-eng.ch\/wp-content\/uploads\/2020\/11\/musterbild2.jpg 400w, https:\/\/ferndriger-eng.ch\/wp-content\/uploads\/2020\/11\/musterbild2-300x75.jpg 300w\" sizes=\"(max-width: 400px) 100vw, 400px\" \/>\t\t\t\t\t\t\t\t\t\t\t\t\t\t\t<\/div>\n\t\t\t\t<\/div>\n\t\t\t\t<div class=\"elementor-element elementor-element-bbf7560 elementor-widget elementor-widget-text-editor\" data-id=\"bbf7560\" data-element_type=\"widget\" data-e-type=\"widget\" data-widget_type=\"text-editor.default\">\n\t\t\t\t<div class=\"elementor-widget-container\">\n\t\t\t\t\t\t\t\t\t<p><strong>Erfahrungen<\/strong><\/p><ul><li>Projektleitung Werkzeugbau, Maschinenbau, Anlagenbau<\/li><li>Verkauf Produktionsanlagen, Lenksysteme, Geh\u00e4usesysteme, Lufttechnische Produkte, Entrauchungssysteme<\/li><li>Konstruktion\/Engineering im Maschinen- und Werkzeugbau, lufttechnische Produkte, Geh\u00e4usesysteme<\/li><li>Teamf\u00fchrung, Gesch\u00e4ftsleitung<\/li><\/ul>\t\t\t\t\t\t\t\t<\/div>\n\t\t\t\t<\/div>\n\t\t\t\t<div class=\"elementor-element elementor-element-13931d5 elementor-widget elementor-widget-text-editor\" data-id=\"13931d5\" data-element_type=\"widget\" data-e-type=\"widget\" data-widget_type=\"text-editor.default\">\n\t\t\t\t<div class=\"elementor-widget-container\">\n\t\t\t\t\t\t\t\t\t<p><a href=\"http:\/\/ferndriger-eng.ch\/?page_id=12\"><strong>&gt;\u00a0Mehr Info&#8230;<\/strong><\/a><\/p>\t\t\t\t\t\t\t\t<\/div>\n\t\t\t\t<\/div>\n\t\t\t\t\t<\/div>\n\t\t<\/div>\n\t\t\t\t<div class=\"elementor-column elementor-col-33 elementor-inner-column elementor-element elementor-element-13efdb1\" data-id=\"13efdb1\" data-element_type=\"column\" data-e-type=\"column\">\n\t\t\t<div class=\"elementor-widget-wrap elementor-element-populated\">\n\t\t\t\t\t\t<div class=\"elementor-element elementor-element-db571c4 elementor-widget elementor-widget-image\" data-id=\"db571c4\" data-element_type=\"widget\" data-e-type=\"widget\" data-widget_type=\"image.default\">\n\t\t\t\t<div class=\"elementor-widget-container\">\n\t\t\t\t\t\t\t\t\t\t\t\t\t\t\t<img decoding=\"async\" width=\"400\" height=\"100\" src=\"https:\/\/ferndriger-eng.ch\/wp-content\/uploads\/2020\/11\/musterbild1.jpg\" class=\"attachment-large size-large wp-image-55\" alt=\"\" srcset=\"https:\/\/ferndriger-eng.ch\/wp-content\/uploads\/2020\/11\/musterbild1.jpg 400w, https:\/\/ferndriger-eng.ch\/wp-content\/uploads\/2020\/11\/musterbild1-300x75.jpg 300w\" sizes=\"(max-width: 400px) 100vw, 400px\" \/>\t\t\t\t\t\t\t\t\t\t\t\t\t\t\t<\/div>\n\t\t\t\t<\/div>\n\t\t\t\t<div class=\"elementor-element elementor-element-9088c1c elementor-widget elementor-widget-text-editor\" data-id=\"9088c1c\" data-element_type=\"widget\" data-e-type=\"widget\" data-widget_type=\"text-editor.default\">\n\t\t\t\t<div class=\"elementor-widget-container\">\n\t\t\t\t\t\t\t\t\t<p><strong>Angebot<\/strong><\/p><p>Gerne unterst\u00fctze ich Ihre Projekte und Arbeiten im Mandat oder in tempor\u00e4rer Anstellung<\/p><ul><li>Projektabwicklung \/ Projektmanagement<\/li><li>Verkaufs- und Vertriebsunterst\u00fctzung<\/li><li>Engineering \/ Konstruktion<\/li><li>CAD und ERP Projekte<\/li><li>Managementaufgaben<br \/><br \/><\/li><\/ul>\t\t\t\t\t\t\t\t<\/div>\n\t\t\t\t<\/div>\n\t\t\t\t<div class=\"elementor-element elementor-element-1aef203 elementor-widget elementor-widget-text-editor\" data-id=\"1aef203\" data-element_type=\"widget\" data-e-type=\"widget\" data-widget_type=\"text-editor.default\">\n\t\t\t\t<div class=\"elementor-widget-container\">\n\t\t\t\t\t\t\t\t\t<p><a href=\"http:\/\/ferndriger-eng.ch\/?page_id=14\"><strong>&gt; Mehr Info&#8230;<\/strong><\/a><\/p>\t\t\t\t\t\t\t\t<\/div>\n\t\t\t\t<\/div>\n\t\t\t\t\t<\/div>\n\t\t<\/div>\n\t\t\t\t\t<\/div>\n\t\t<\/section>\n\t\t\t\t\t<\/div>\n\t\t<\/div>\n\t\t\t\t\t<\/div>\n\t\t<\/section>\n\t\t\t\t<\/div>\n\t\t","protected":false},"excerpt":{"rendered":"<p>Beat Ferndriger, Inhaber und Gesch\u00e4ftsf\u00fchrer Maschineningenieur HTL, Nachdiplom Betriebswirtschaft KMU HSG Dienstleistungen im Bereich Projektmanagement, Vertrieb, Technik und Engineering sind meine St\u00e4rken. Ziel- und resultatorientiert, systematisch, engagiert! Jahrelange Erfahrungen in den Bereichen Werkzeug- und Anlagenbau, Automotiv, Blechtechnik und L\u00fcftungstechnik in der Rolle als Konstrukteur\/Entwickler, Management\/Gesch\u00e4ftsf\u00fchrung und Projektabwicklung sind Grundlagen zur Unterst\u00fctzung Ihrer Projekte. &gt; Kontakt [&hellip;]<\/p>\n","protected":false},"author":1,"featured_media":0,"parent":0,"menu_order":0,"comment_status":"closed","ping_status":"closed","template":"","meta":{"ocean_post_layout":"","ocean_both_sidebars_style":"","ocean_both_sidebars_content_width":0,"ocean_both_sidebars_sidebars_width":0,"ocean_sidebar":"0","ocean_second_sidebar":"0","ocean_disable_margins":"enable","ocean_add_body_class":"","ocean_shortcode_before_top_bar":"","ocean_shortcode_after_top_bar":"","ocean_shortcode_before_header":"","ocean_shortcode_after_header":"","ocean_has_shortcode":"","ocean_shortcode_after_title":"","ocean_shortcode_before_footer_widgets":"","ocean_shortcode_after_footer_widgets":"","ocean_shortcode_before_footer_bottom":"","ocean_shortcode_after_footer_bottom":"","ocean_display_top_bar":"default","ocean_display_header":"default","ocean_header_style":"","ocean_center_header_left_menu":"0","ocean_custom_header_template":"0","ocean_custom_logo":0,"ocean_custom_retina_logo":0,"ocean_custom_logo_max_width":0,"ocean_custom_logo_tablet_max_width":0,"ocean_custom_logo_mobile_max_width":0,"ocean_custom_logo_max_height":0,"ocean_custom_logo_tablet_max_height":0,"ocean_custom_logo_mobile_max_height":0,"ocean_header_custom_menu":"0","ocean_menu_typo_font_family":"0","ocean_menu_typo_font_subset":"","ocean_menu_typo_font_size":0,"ocean_menu_typo_font_size_tablet":0,"ocean_menu_typo_font_size_mobile":0,"ocean_menu_typo_font_size_unit":"px","ocean_menu_typo_font_weight":"","ocean_menu_typo_font_weight_tablet":"","ocean_menu_typo_font_weight_mobile":"","ocean_menu_typo_transform":"","ocean_menu_typo_transform_tablet":"","ocean_menu_typo_transform_mobile":"","ocean_menu_typo_line_height":0,"ocean_menu_typo_line_height_tablet":0,"ocean_menu_typo_line_height_mobile":0,"ocean_menu_typo_line_height_unit":"","ocean_menu_typo_spacing":0,"ocean_menu_typo_spacing_tablet":0,"ocean_menu_typo_spacing_mobile":0,"ocean_menu_typo_spacing_unit":"","ocean_menu_link_color":"","ocean_menu_link_color_hover":"","ocean_menu_link_color_active":"","ocean_menu_link_background":"","ocean_menu_link_hover_background":"","ocean_menu_link_active_background":"","ocean_menu_social_links_bg":"","ocean_menu_social_hover_links_bg":"","ocean_menu_social_links_color":"","ocean_menu_social_hover_links_color":"","ocean_disable_title":"on","ocean_disable_heading":"default","ocean_post_title":"","ocean_post_subheading":"","ocean_post_title_style":"","ocean_post_title_background_color":"","ocean_post_title_background":0,"ocean_post_title_bg_image_position":"","ocean_post_title_bg_image_attachment":"","ocean_post_title_bg_image_repeat":"","ocean_post_title_bg_image_size":"","ocean_post_title_height":0,"ocean_post_title_bg_overlay":0.5,"ocean_post_title_bg_overlay_color":"","ocean_disable_breadcrumbs":"default","ocean_breadcrumbs_color":"","ocean_breadcrumbs_separator_color":"","ocean_breadcrumbs_links_color":"","ocean_breadcrumbs_links_hover_color":"","ocean_display_footer_widgets":"default","ocean_display_footer_bottom":"default","ocean_custom_footer_template":"0","footnotes":""},"class_list":["post-7","page","type-page","status-publish","hentry","entry"],"yoast_head":"<!-- This site is optimized with the Yoast SEO plugin v27.3 - https:\/\/yoast.com\/product\/yoast-seo-wordpress\/ -->\n<title>Home - Ferndriger Engineering<\/title>\n<meta name=\"description\" content=\"Ferndriger Engineering bietet Dienstleistungen im Bereich Projektmanagement, Technik und Engineering - ziel- und resultatorientiert, systematisch engagiert.\" \/>\n<meta name=\"robots\" content=\"index, follow, max-snippet:-1, max-image-preview:large, max-video-preview:-1\" \/>\n<link rel=\"canonical\" href=\"https:\/\/ferndriger-eng.ch\/\" \/>\n<meta property=\"og:locale\" content=\"de_DE\" \/>\n<meta property=\"og:type\" content=\"article\" \/>\n<meta property=\"og:title\" content=\"Home - Ferndriger Engineering\" \/>\n<meta property=\"og:description\" content=\"Ferndriger Engineering bietet Dienstleistungen im Bereich Projektmanagement, Technik und Engineering - ziel- und resultatorientiert, systematisch engagiert.\" \/>\n<meta property=\"og:url\" content=\"https:\/\/ferndriger-eng.ch\/\" \/>\n<meta property=\"og:site_name\" content=\"Ferndriger Engineering\" \/>\n<meta property=\"article:modified_time\" content=\"2020-12-09T22:37:59+00:00\" \/>\n<meta property=\"og:image\" content=\"http:\/\/ferndriger-eng.ch\/wp-content\/uploads\/elementor\/thumbs\/2016-BO-FEB-1-Kopie-ozif150ndc91uwr48oivqbdasym1pcqzt3qce3hl6g.jpg\" \/>\n<meta name=\"twitter:card\" content=\"summary_large_image\" \/>\n<meta name=\"twitter:label1\" content=\"Gesch\u00e4tzte Lesezeit\" \/>\n\t<meta name=\"twitter:data1\" content=\"1\u00a0Minute\" \/>\n<script type=\"application\/ld+json\" class=\"yoast-schema-graph\">{\"@context\":\"https:\\\/\\\/schema.org\",\"@graph\":[{\"@type\":\"WebPage\",\"@id\":\"https:\\\/\\\/ferndriger-eng.ch\\\/\",\"url\":\"https:\\\/\\\/ferndriger-eng.ch\\\/\",\"name\":\"Home - Ferndriger Engineering\",\"isPartOf\":{\"@id\":\"https:\\\/\\\/ferndriger-eng.ch\\\/#website\"},\"primaryImageOfPage\":{\"@id\":\"https:\\\/\\\/ferndriger-eng.ch\\\/#primaryimage\"},\"image\":{\"@id\":\"https:\\\/\\\/ferndriger-eng.ch\\\/#primaryimage\"},\"thumbnailUrl\":\"http:\\\/\\\/ferndriger-eng.ch\\\/wp-content\\\/uploads\\\/elementor\\\/thumbs\\\/2016-BO-FEB-1-Kopie-ozif150ndc91uwr48oivqbdasym1pcqzt3qce3hl6g.jpg\",\"datePublished\":\"2020-11-27T11:19:56+00:00\",\"dateModified\":\"2020-12-09T22:37:59+00:00\",\"description\":\"Ferndriger Engineering bietet Dienstleistungen im Bereich Projektmanagement, Technik und Engineering - ziel- und resultatorientiert, systematisch engagiert.\",\"breadcrumb\":{\"@id\":\"https:\\\/\\\/ferndriger-eng.ch\\\/#breadcrumb\"},\"inLanguage\":\"de\",\"potentialAction\":[{\"@type\":\"ReadAction\",\"target\":[\"https:\\\/\\\/ferndriger-eng.ch\\\/\"]}]},{\"@type\":\"ImageObject\",\"inLanguage\":\"de\",\"@id\":\"https:\\\/\\\/ferndriger-eng.ch\\\/#primaryimage\",\"url\":\"http:\\\/\\\/ferndriger-eng.ch\\\/wp-content\\\/uploads\\\/elementor\\\/thumbs\\\/2016-BO-FEB-1-Kopie-ozif150ndc91uwr48oivqbdasym1pcqzt3qce3hl6g.jpg\",\"contentUrl\":\"http:\\\/\\\/ferndriger-eng.ch\\\/wp-content\\\/uploads\\\/elementor\\\/thumbs\\\/2016-BO-FEB-1-Kopie-ozif150ndc91uwr48oivqbdasym1pcqzt3qce3hl6g.jpg\"},{\"@type\":\"BreadcrumbList\",\"@id\":\"https:\\\/\\\/ferndriger-eng.ch\\\/#breadcrumb\",\"itemListElement\":[{\"@type\":\"ListItem\",\"position\":1,\"name\":\"Startseite\",\"item\":\"https:\\\/\\\/ferndriger-eng.ch\\\/\"},{\"@type\":\"ListItem\",\"position\":2,\"name\":\"Home\"}]},{\"@type\":\"WebSite\",\"@id\":\"https:\\\/\\\/ferndriger-eng.ch\\\/#website\",\"url\":\"https:\\\/\\\/ferndriger-eng.ch\\\/\",\"name\":\"Ferndriger Engineering\",\"description\":\"Ferndriger Engineering\",\"publisher\":{\"@id\":\"https:\\\/\\\/ferndriger-eng.ch\\\/#organization\"},\"potentialAction\":[{\"@type\":\"SearchAction\",\"target\":{\"@type\":\"EntryPoint\",\"urlTemplate\":\"https:\\\/\\\/ferndriger-eng.ch\\\/?s={search_term_string}\"},\"query-input\":{\"@type\":\"PropertyValueSpecification\",\"valueRequired\":true,\"valueName\":\"search_term_string\"}}],\"inLanguage\":\"de\"},{\"@type\":\"Organization\",\"@id\":\"https:\\\/\\\/ferndriger-eng.ch\\\/#organization\",\"name\":\"Ferndriger Engineering\",\"url\":\"https:\\\/\\\/ferndriger-eng.ch\\\/\",\"logo\":{\"@type\":\"ImageObject\",\"inLanguage\":\"de\",\"@id\":\"https:\\\/\\\/ferndriger-eng.ch\\\/#\\\/schema\\\/logo\\\/image\\\/\",\"url\":\"https:\\\/\\\/ferndriger-eng.ch\\\/wp-content\\\/uploads\\\/2020\\\/12\\\/head5.jpg\",\"contentUrl\":\"https:\\\/\\\/ferndriger-eng.ch\\\/wp-content\\\/uploads\\\/2020\\\/12\\\/head5.jpg\",\"width\":1024,\"height\":81,\"caption\":\"Ferndriger Engineering\"},\"image\":{\"@id\":\"https:\\\/\\\/ferndriger-eng.ch\\\/#\\\/schema\\\/logo\\\/image\\\/\"}}]}<\/script>\n<!-- \/ Yoast SEO plugin. -->","yoast_head_json":{"title":"Home - Ferndriger Engineering","description":"Ferndriger Engineering bietet Dienstleistungen im Bereich Projektmanagement, Technik und Engineering - ziel- und resultatorientiert, systematisch engagiert.","robots":{"index":"index","follow":"follow","max-snippet":"max-snippet:-1","max-image-preview":"max-image-preview:large","max-video-preview":"max-video-preview:-1"},"canonical":"https:\/\/ferndriger-eng.ch\/","og_locale":"de_DE","og_type":"article","og_title":"Home - Ferndriger Engineering","og_description":"Ferndriger Engineering bietet Dienstleistungen im Bereich Projektmanagement, Technik und Engineering - ziel- und resultatorientiert, systematisch engagiert.","og_url":"https:\/\/ferndriger-eng.ch\/","og_site_name":"Ferndriger Engineering","article_modified_time":"2020-12-09T22:37:59+00:00","og_image":[{"url":"http:\/\/ferndriger-eng.ch\/wp-content\/uploads\/elementor\/thumbs\/2016-BO-FEB-1-Kopie-ozif150ndc91uwr48oivqbdasym1pcqzt3qce3hl6g.jpg","type":"","width":"","height":""}],"twitter_card":"summary_large_image","twitter_misc":{"Gesch\u00e4tzte Lesezeit":"1\u00a0Minute"},"schema":{"@context":"https:\/\/schema.org","@graph":[{"@type":"WebPage","@id":"https:\/\/ferndriger-eng.ch\/","url":"https:\/\/ferndriger-eng.ch\/","name":"Home - Ferndriger Engineering","isPartOf":{"@id":"https:\/\/ferndriger-eng.ch\/#website"},"primaryImageOfPage":{"@id":"https:\/\/ferndriger-eng.ch\/#primaryimage"},"image":{"@id":"https:\/\/ferndriger-eng.ch\/#primaryimage"},"thumbnailUrl":"http:\/\/ferndriger-eng.ch\/wp-content\/uploads\/elementor\/thumbs\/2016-BO-FEB-1-Kopie-ozif150ndc91uwr48oivqbdasym1pcqzt3qce3hl6g.jpg","datePublished":"2020-11-27T11:19:56+00:00","dateModified":"2020-12-09T22:37:59+00:00","description":"Ferndriger Engineering bietet Dienstleistungen im Bereich Projektmanagement, Technik und Engineering - ziel- und resultatorientiert, systematisch engagiert.","breadcrumb":{"@id":"https:\/\/ferndriger-eng.ch\/#breadcrumb"},"inLanguage":"de","potentialAction":[{"@type":"ReadAction","target":["https:\/\/ferndriger-eng.ch\/"]}]},{"@type":"ImageObject","inLanguage":"de","@id":"https:\/\/ferndriger-eng.ch\/#primaryimage","url":"http:\/\/ferndriger-eng.ch\/wp-content\/uploads\/elementor\/thumbs\/2016-BO-FEB-1-Kopie-ozif150ndc91uwr48oivqbdasym1pcqzt3qce3hl6g.jpg","contentUrl":"http:\/\/ferndriger-eng.ch\/wp-content\/uploads\/elementor\/thumbs\/2016-BO-FEB-1-Kopie-ozif150ndc91uwr48oivqbdasym1pcqzt3qce3hl6g.jpg"},{"@type":"BreadcrumbList","@id":"https:\/\/ferndriger-eng.ch\/#breadcrumb","itemListElement":[{"@type":"ListItem","position":1,"name":"Startseite","item":"https:\/\/ferndriger-eng.ch\/"},{"@type":"ListItem","position":2,"name":"Home"}]},{"@type":"WebSite","@id":"https:\/\/ferndriger-eng.ch\/#website","url":"https:\/\/ferndriger-eng.ch\/","name":"Ferndriger Engineering","description":"Ferndriger Engineering","publisher":{"@id":"https:\/\/ferndriger-eng.ch\/#organization"},"potentialAction":[{"@type":"SearchAction","target":{"@type":"EntryPoint","urlTemplate":"https:\/\/ferndriger-eng.ch\/?s={search_term_string}"},"query-input":{"@type":"PropertyValueSpecification","valueRequired":true,"valueName":"search_term_string"}}],"inLanguage":"de"},{"@type":"Organization","@id":"https:\/\/ferndriger-eng.ch\/#organization","name":"Ferndriger Engineering","url":"https:\/\/ferndriger-eng.ch\/","logo":{"@type":"ImageObject","inLanguage":"de","@id":"https:\/\/ferndriger-eng.ch\/#\/schema\/logo\/image\/","url":"https:\/\/ferndriger-eng.ch\/wp-content\/uploads\/2020\/12\/head5.jpg","contentUrl":"https:\/\/ferndriger-eng.ch\/wp-content\/uploads\/2020\/12\/head5.jpg","width":1024,"height":81,"caption":"Ferndriger Engineering"},"image":{"@id":"https:\/\/ferndriger-eng.ch\/#\/schema\/logo\/image\/"}}]}},"_links":{"self":[{"href":"https:\/\/ferndriger-eng.ch\/index.php?rest_route=\/wp\/v2\/pages\/7","targetHints":{"allow":["GET"]}}],"collection":[{"href":"https:\/\/ferndriger-eng.ch\/index.php?rest_route=\/wp\/v2\/pages"}],"about":[{"href":"https:\/\/ferndriger-eng.ch\/index.php?rest_route=\/wp\/v2\/types\/page"}],"author":[{"embeddable":true,"href":"https:\/\/ferndriger-eng.ch\/index.php?rest_route=\/wp\/v2\/users\/1"}],"replies":[{"embeddable":true,"href":"https:\/\/ferndriger-eng.ch\/index.php?rest_route=%2Fwp%2Fv2%2Fcomments&post=7"}],"version-history":[{"count":140,"href":"https:\/\/ferndriger-eng.ch\/index.php?rest_route=\/wp\/v2\/pages\/7\/revisions"}],"predecessor-version":[{"id":465,"href":"https:\/\/ferndriger-eng.ch\/index.php?rest_route=\/wp\/v2\/pages\/7\/revisions\/465"}],"wp:attachment":[{"href":"https:\/\/ferndriger-eng.ch\/index.php?rest_route=%2Fwp%2Fv2%2Fmedia&parent=7"}],"curies":[{"name":"wp","href":"https:\/\/api.w.org\/{rel}","templated":true}]}}